{"id":2594,"date":"2021-02-04T10:15:55","date_gmt":"2021-02-04T09:15:55","guid":{"rendered":"https:\/\/koge.ch\/?page_id=2594"},"modified":"2023-09-15T15:54:47","modified_gmt":"2023-09-15T13:54:47","slug":"contact","status":"publish","type":"page","link":"https:\/\/koge.ch\/fr\/public\/contact\/","title":{"rendered":"Contact"},"content":{"rendered":"<p>[vc_row][vc_column width=\u00a0\u00bb2\/3&Prime;][vc_single_image image=\u00a0\u00bb2522&Prime; img_size=\u00a0\u00bb280&#215;146&Prime; el_class=\u00a0\u00bbcontactbild\u00a0\u00bb][vc_column_text]<strong>Communaut\u00e9 de Coop\u00e9ration (KoGe)<br \/>\n<\/strong>Missionsstrasse 21<br \/>\nBo\u00eete postale<br \/>\n4009 Basel<\/p>\n<p>+41 61 260 22 05<br \/>\n<a href=\"mailto:info@koge.ch\">info@koge.ch<\/a>[\/vc_column_text][vc_column_text css=\u00a0\u00bb.vc_custom_1694786082805{margin-top: 150px !important;}\u00a0\u00bb]<strong>Mentions l\u00e9gales<br \/>\n<\/strong>Conception : <a href=\"https:\/\/www.annatinablaser.ch\/\" target=\"_blank\" rel=\"noopener\">Annatina Blaser\u00a0<\/a><br \/>\nProgrammation : <a href=\"http:\/\/webundso.ch\" target=\"_blank\" rel=\"noopener\">webundso GmbH<br \/>\n<\/a><a href=\"https:\/\/koge.ch\/wp-content\/uploads\/2023\/09\/KoGe-Datenschutzerklaerung_07-09-2023.pdf\" target=\"_blank\" rel=\"noopener\">D\u00e9claration de protection des donn\u00e9es<\/a>[\/vc_column_text][\/vc_column][vc_column width=\u00a0\u00bb1\/3&Prime;][\/vc_column][\/vc_row]<\/p>\n","protected":false},"excerpt":{"rendered":"<p>[vc_row][vc_column width=\u00a0\u00bb2\/3&Prime;][vc_single_image image=\u00a0\u00bb2522&Prime; img_size=\u00a0\u00bb280&#215;146&Prime; el_class=\u00a0\u00bbcontactbild\u00a0\u00bb][vc_column_text]Communaut\u00e9 de Coop\u00e9ration (KoGe) Missionsstrasse 21 Bo\u00eete postale 4009 Basel +41 61 260 22 05 info@koge.ch[\/vc_column_text][vc_column_text css=\u00a0\u00bb.vc_custom_1694786082805{margin-top: 150px !important;}\u00a0\u00bb]Mentions l\u00e9gales Conception : Annatina Blaser\u00a0 Programmation : webundso GmbH D\u00e9claration de protection des donn\u00e9es[\/vc_column_text][\/vc_column][vc_column width=\u00a0\u00bb1\/3&Prime;][\/vc_column][\/vc_row]<\/p>\n","protected":false},"author":2,"featured_media":0,"parent":2316,"menu_order":4,"comment_status":"closed","ping_status":"closed","template":"template-public.php","meta":{"_bbp_topic_count":0,"_bbp_reply_count":0,"_bbp_total_topic_count":0,"_bbp_total_reply_count":0,"_bbp_voice_count":0,"_bbp_anonymous_reply_count":0,"_bbp_topic_count_hidden":0,"_bbp_reply_count_hidden":0,"_bbp_forum_subforum_count":0},"_links":{"self":[{"href":"https:\/\/koge.ch\/fr\/wp-json\/wp\/v2\/pages\/2594"}],"collection":[{"href":"https:\/\/koge.ch\/fr\/wp-json\/wp\/v2\/pages"}],"about":[{"href":"https:\/\/koge.ch\/fr\/wp-json\/wp\/v2\/types\/page"}],"author":[{"embeddable":true,"href":"https:\/\/koge.ch\/fr\/wp-json\/wp\/v2\/users\/2"}],"replies":[{"embeddable":true,"href":"https:\/\/koge.ch\/fr\/wp-json\/wp\/v2\/comments?post=2594"}],"version-history":[{"count":10,"href":"https:\/\/koge.ch\/fr\/wp-json\/wp\/v2\/pages\/2594\/revisions"}],"predecessor-version":[{"id":4452,"href":"https:\/\/koge.ch\/fr\/wp-json\/wp\/v2\/pages\/2594\/revisions\/4452"}],"up":[{"embeddable":true,"href":"https:\/\/koge.ch\/fr\/wp-json\/wp\/v2\/pages\/2316"}],"wp:attachment":[{"href":"https:\/\/koge.ch\/fr\/wp-json\/wp\/v2\/media?parent=2594"}],"curies":[{"name":"wp","href":"https:\/\/api.w.org\/{rel}","templated":true}]}}