{"id":2607,"date":"2020-12-31T12:37:53","date_gmt":"2020-12-31T11:37:24","guid":{"rendered":"https:\/\/koge.ch\/?page_id=2607"},"modified":"2025-02-04T09:16:40","modified_gmt":"2025-02-04T08:16:40","slug":"sur-nous","status":"publish","type":"page","link":"https:\/\/koge.ch\/fr\/public\/sur-nous\/","title":{"rendered":"Sur nous"},"content":{"rendered":"<p>[vc_row][vc_column][vc_column_text]<\/p>\n<h2>Qui nous sommes<\/h2>\n<p>[\/vc_column_text][\/vc_column][\/vc_row][vc_row][vc_column width=\u00a0\u00bb1\/2&Prime;][vc_column_text]La Communaut\u00e9 de Coop\u00e9ration (KoGe) a \u00e9t\u00e9 fond\u00e9e en 2012 en tant que r\u00e9seau d&rsquo;organisations suisses de sensibilit\u00e9 protestante. Dans le but d&rsquo;am\u00e9liorer l&rsquo;efficacit\u00e9 des programmes de ses membres, la Communaut\u00e9 de Coop\u00e9ration a construit une structure d&rsquo;apprentissage vivante qui nous met en r\u00e9seau et nous fournit une importante plateforme d&rsquo;\u00e9change.[\/vc_column_text][\/vc_column][vc_column width=\u00a0\u00bb1\/2&Prime;][vc_column_text]Dans deux groupes d\u2019apprentissage, nous apprenons ensemble, cr\u00e9ons des synergies et exp\u00e9rimentons avec de nouveaux mod\u00e8les et instruments de collaboration. En mai 2019, les membres du r\u00e9seau ont fond\u00e9 l&rsquo;association KoGe. Nous avons d\u00e9but\u00e9 nos activit\u00e9s op\u00e9rationnelles en tant qu&rsquo;organisation fa\u00eeti\u00e8re des neuf organisations membres le 1er janvier 2021.[\/vc_column_text][\/vc_column][\/vc_row][vc_row][vc_column][vc_column_text]<\/p>\n<hr \/>\n<p>[\/vc_column_text][\/vc_column][\/vc_row][vc_row][vc_column][vc_column_text]<\/p>\n<h2>Notre structure<\/h2>\n<p>[\/vc_column_text][\/vc_column][\/vc_row][vc_row][vc_column width=\u00a0\u00bb1\/2&Prime;][vc_column_text]L&rsquo;association Communaut\u00e9 de Coop\u00e9ration (KoGe) a \u00e9t\u00e9 fond\u00e9e en mai 2019. L&rsquo;organe supr\u00eame de la KoGe est l&rsquo;assembl\u00e9e g\u00e9n\u00e9rale, qui est compos\u00e9e de repr\u00e9sentants des huit organisations membres. Le secr\u00e9tariat, bas\u00e9 \u00e0 B\u00e2le, g\u00e8re les activit\u00e9s op\u00e9rationnelles de la KoGe. Notre Commission de qualit\u00e9 externe (EQC) se base sur une collaboration avec le <a href=\"http:\/\/www.graduateinstitute.ch\/ccdp\" target=\"_blank\" rel=\"noopener\">Centre sur les conflits, le d\u00e9veloppement et la consolidation de la paix (CCDP)<\/a> de l&rsquo;IHEID.[\/vc_column_text][\/vc_column][vc_column width=\u00a0\u00bb1\/2&Prime;][vc_column_text]<a href=\"https:\/\/koge.ch\/wp-content\/uploads\/2021\/01\/KoGe-Organigramm_v210120.pdf\" target=\"_blank\" rel=\"noopener\">Organigramme (PDF)<\/a>[\/vc_column_text][\/vc_column][\/vc_row][vc_row][vc_column][vc_column_text]<\/p>\n<hr \/>\n<p>[\/vc_column_text][\/vc_column][\/vc_row][vc_row][vc_column][vc_column_text]<\/p>\n<h2>Nos organisations membres<\/h2>\n<p>[\/vc_column_text][\/vc_column][\/vc_row][vc_row][vc_column width=\u00a0\u00bb1\/2&Prime;][vc_column_text]<strong><img loading=\"lazy\" class=\"alignnone wp-image-2719\" src=\"https:\/\/koge.ch\/wp-content\/uploads\/2021\/02\/Red-Shield_digital_F-256x300.png\" alt=\"\" width=\"73\" height=\"86\" srcset=\"https:\/\/koge.ch\/wp-content\/uploads\/2021\/02\/Red-Shield_digital_F-256x300.png 256w, https:\/\/koge.ch\/wp-content\/uploads\/2021\/02\/Red-Shield_digital_F-872x1024.png 872w, https:\/\/koge.ch\/wp-content\/uploads\/2021\/02\/Red-Shield_digital_F-768x901.png 768w, https:\/\/koge.ch\/wp-content\/uploads\/2021\/02\/Red-Shield_digital_F-1309x1536.png 1309w, https:\/\/koge.ch\/wp-content\/uploads\/2021\/02\/Red-Shield_digital_F.png 1617w\" sizes=\"(max-width: 73px) 100vw, 73px\" \/><\/strong><\/p>\n<p><strong>Arm\u00e9e du Salut Suisse<br \/>\n<\/strong>permet aux personnes de b\u00e2tir elles-m\u00eames leur avenir. Gr\u00e2ce \u00e0 une aide cibl\u00e9e, nous venons en aide \u00e0 ceux qui sont en d\u00e9tresse et renfor\u00e7ons les relations ainsi que la dignit\u00e9 de ceux qui sont dans le besoin sur place.<br \/>\n<a href=\"https:\/\/www.armeedusalut.ch\/developpement-international\" target=\"_blank\" rel=\"noopener\">www.armeedusalut.ch\/di<\/a><\/p>\n<p>&nbsp;<\/p>\n<p><strong><img loading=\"lazy\" class=\"alignnone size-medium wp-image-3857\" src=\"https:\/\/koge.ch\/wp-content\/uploads\/2021\/09\/LG_connexio_develop_de-300x70.png\" alt=\"\" width=\"300\" height=\"70\" srcset=\"https:\/\/koge.ch\/wp-content\/uploads\/2021\/09\/LG_connexio_develop_de-300x70.png 300w, https:\/\/koge.ch\/wp-content\/uploads\/2021\/09\/LG_connexio_develop_de-768x179.png 768w, https:\/\/koge.ch\/wp-content\/uploads\/2021\/09\/LG_connexio_develop_de.png 969w\" sizes=\"(max-width: 300px) 100vw, 300px\" \/><\/strong><\/p>\n<p><strong>Connexio develop<br \/>\n<\/strong><span style=\"font-size: 1rem;\">est l\u2019ONG de l\u2019\u00c9glise \u00c9vang\u00e9lique M\u00e9thodiste en Suisse et en France. Elle fait partie du r\u00e9seau m\u00e9thodiste mondial. Connexio develop contribue \u00e0 un monde pacifique et juste dans lequel toutes les personnes et la cr\u00e9ation sont respect\u00e9es dans leur dignit\u00e9.<br \/>\n<\/span><a href=\"https:\/\/connexio-develop.ch\/fr\/\" target=\"_blank\" rel=\"noopener\">https:\/\/connexio.ch\/fr\/<\/a><\/p>\n<p><strong><img loading=\"lazy\" class=\"alignnone wp-image-4709\" src=\"https:\/\/koge.ch\/wp-content\/uploads\/2024\/09\/ena_Logo_blue_rgb_geschnitten-1-300x162.jpg\" alt=\"\" width=\"206\" height=\"111\" \/><br \/>\nena<br \/>\n<\/strong>ena ouvre des perspectives qui changent la vie \u2013 jusqu\u2019\u00e0 2024 sous le nom de TearFund. Sur la base du respect et de la compr\u00e9hension des diff\u00e9rents besoins, ena travaille avec des organisations partenaires exp\u00e9riment\u00e9es et enracin\u00e9es localement. Les projets sont ainsi mis en \u0153uvre l\u00e0 o\u00f9 ils sont particuli\u00e8rement n\u00e9cessaires, dans les domaines de l&rsquo;\u00e9ducation, de la sant\u00e9 et des moyens de subsistance, avec un accent particulier sur la paix.<br \/>\n<a href=\"http:\/\/www.ena-schweiz.ch\" target=\"_blank\" rel=\"noopener\">www.ena-schweiz.ch<\/a><\/p>\n<p>&nbsp;<\/p>\n<p><strong><img loading=\"lazy\" class=\"alignnone wp-image-2667\" src=\"https:\/\/koge.ch\/wp-content\/uploads\/2021\/02\/HORYZON-Logo_200.png\" alt=\"\" width=\"210\" height=\"52\" srcset=\"https:\/\/koge.ch\/wp-content\/uploads\/2021\/02\/HORYZON-Logo_200.png 419w, https:\/\/koge.ch\/wp-content\/uploads\/2021\/02\/HORYZON-Logo_200-300x74.png 300w\" sizes=\"(max-width: 210px) 100vw, 210px\" \/><\/strong><\/p>\n<p><strong>Horyzon<br \/>\n<\/strong>est l&rsquo;organisation suisse de d\u00e9veloppement pour les jeunes. L&rsquo;am\u00e9lioration de la situation des jeunes est essentielle pour atteindre les objectifs de d\u00e9veloppement durable.<br \/>\n<a href=\"http:\/\/www.horyzon.ch\" target=\"_blank\" rel=\"noopener\">www.horyzon.ch<\/a>[\/vc_column_text][\/vc_column][vc_column width=\u00a0\u00bb1\/2&Prime;][vc_column_text]<strong><img loading=\"lazy\" class=\"alignnone wp-image-2670\" src=\"https:\/\/koge.ch\/wp-content\/uploads\/2021\/02\/International-Blue-Cross-Logo_200.png\" alt=\"\" width=\"165\" height=\"90\" srcset=\"https:\/\/koge.ch\/wp-content\/uploads\/2021\/02\/International-Blue-Cross-Logo_200.png 329w, https:\/\/koge.ch\/wp-content\/uploads\/2021\/02\/International-Blue-Cross-Logo_200-300x164.png 300w\" sizes=\"(max-width: 165px) 100vw, 165px\" \/><\/strong><\/p>\n<p><strong>International Blue Cross (IBC)<br \/>\n<\/strong>s\u2019engage \u00e0 pr\u00e9venir et \u00e0 att\u00e9nuer les cons\u00e9quences n\u00e9gatives de la consommation d&rsquo;alcool et de drogues dans le monde entier et \u00e0 renforcer la r\u00e9silience des communaut\u00e9s &#8211; sans violence, sans pauvret\u00e9 et sans d\u00e9pendance.<br \/>\n<a href=\"https:\/\/www.internationalbluecross.org\/index_fra.html\" target=\"_blank\" rel=\"noopener\">www.internationalbluecross.org<\/a><\/p>\n<p>&nbsp;<\/p>\n<p><strong><img loading=\"lazy\" class=\"alignnone wp-image-2817\" src=\"https:\/\/koge.ch\/wp-content\/uploads\/2021\/02\/m21_f-1.png\" alt=\"\" width=\"225\" height=\"93\" srcset=\"https:\/\/koge.ch\/wp-content\/uploads\/2021\/02\/m21_f-1.png 450w, https:\/\/koge.ch\/wp-content\/uploads\/2021\/02\/m21_f-1-300x124.png 300w\" sizes=\"(max-width: 225px) 100vw, 225px\" \/><\/strong><\/p>\n<p><strong>Mission 21<br \/>\n<\/strong>s&rsquo;engage en tant que communaut\u00e9 internationale en faveur d&rsquo;un monde plus juste. Nous travaillons ensemble pour un d\u00e9veloppement durable : la paix, l\u2019\u00e9ducation, la sant\u00e9 et la souverainet\u00e9 alimentaire.<br \/>\n<a href=\"http:\/\/www.mission-21.org\" target=\"_blank\" rel=\"noopener\">www.mission-21.org<\/a><\/p>\n<p>&nbsp;<\/p>\n<p><img loading=\"lazy\" class=\"alignnone wp-image-2676\" src=\"https:\/\/koge.ch\/wp-content\/uploads\/2021\/02\/Mission-Evangelique-Braille-Logo_200.png\" alt=\"\" width=\"228\" height=\"47\" srcset=\"https:\/\/koge.ch\/wp-content\/uploads\/2021\/02\/Mission-Evangelique-Braille-Logo_200.png 456w, https:\/\/koge.ch\/wp-content\/uploads\/2021\/02\/Mission-Evangelique-Braille-Logo_200-300x62.png 300w\" sizes=\"(max-width: 228px) 100vw, 228px\" \/><\/p>\n<p><strong>Mission Evang\u00e9lique Braille (MEB)<br \/>\n<\/strong>intervient dans une approche respectueuse et int\u00e9grale en faveur des personnes atteintes dans leur vision.<br \/>\n<a href=\"http:\/\/www.mebraille.ch\" target=\"_blank\" rel=\"noopener\">www.mebraille.ch<\/a><\/p>\n<p>&nbsp;<\/p>\n<p><strong><img loading=\"lazy\" class=\"alignnone wp-image-2679\" src=\"https:\/\/koge.ch\/wp-content\/uploads\/2021\/02\/SME-Logo_200.png\" alt=\"\" width=\"253\" height=\"77\" srcset=\"https:\/\/koge.ch\/wp-content\/uploads\/2021\/02\/SME-Logo_200.png 507w, https:\/\/koge.ch\/wp-content\/uploads\/2021\/02\/SME-Logo_200-300x91.png 300w\" sizes=\"(max-width: 253px) 100vw, 253px\" \/><\/strong><\/p>\n<p><strong>Service de Missions et d\u2019Entraide (SME)<br \/>\n<\/strong>conduit des activit\u00e9s de d\u00e9veloppement et d&rsquo;entraide bas\u00e9es sur le partage du savoir. C&rsquo;est par l&rsquo;\u00e9ducation que le SME accompagne les personnes d\u00e9favoris\u00e9es vers une autonomie qui leur permet de d\u00e9velopper leurs capacit\u00e9s et r\u00e9duire la pauvret\u00e9.<br \/>\n<a href=\"http:\/\/www.sme-suisse.org\" target=\"_blank\" rel=\"noopener\">www.sme-suisse.org<\/a>[\/vc_column_text][\/vc_column][\/vc_row][vc_row][vc_column][vc_column_text]<\/p>\n<hr \/>\n<p>[\/vc_column_text][\/vc_column][\/vc_row][vc_row][vc_column][vc_column_text]<\/p>\n<h2>Notre \u00e9quipe<\/h2>\n<p>[\/vc_column_text][\/vc_column][\/vc_row][vc_row][vc_column width=\u00a0\u00bb1\/3&Prime;][vc_single_image image=\u00a0\u00bb2285&Prime; img_size=\u00a0\u00bblarge\u00a0\u00bb add_caption=\u00a0\u00bbyes\u00a0\u00bb][vc_column_text]<strong>Madeleine Bolliger<\/strong><br \/>\nDirectrice<br \/>\n<a href=\"mailto:madeleine.bolliger@koge.ch\">madeleine.bolliger@koge.ch<\/a>[\/vc_column_text][\/vc_column][vc_column width=\u00a0\u00bb1\/3&Prime;][vc_single_image image=\u00a0\u00bb3777&Prime; img_size=\u00a0\u00bblarge\u00a0\u00bb add_caption=\u00a0\u00bbyes\u00a0\u00bb][vc_column_text]<strong>Sabrina Beeler St\u00fccklin<\/strong><br \/>\nSp\u00e9cialiste en Gestion de la qualit\u00e9<br \/>\n<a href=\"mailto:sabrina.beeler@koge.ch\" target=\"_blank\" rel=\"noopener\">sabrina.beeler@koge.ch<\/a>[\/vc_column_text][\/vc_column][vc_column width=\u00a0\u00bb1\/3&Prime;][vc_single_image image=\u00a0\u00bb2288&Prime; img_size=\u00a0\u00bblarge\u00a0\u00bb add_caption=\u00a0\u00bbyes\u00a0\u00bb][vc_column_text]<strong>Mirjam Moser<\/strong><br \/>\nSp\u00e9cialiste Suivi, Evaluation et Apprentissage (SEA)<br \/>\n<a href=\"mailto:mirjam.moser@koge.ch\" target=\"_blank\" rel=\"noopener\">mirjam.moser@koge.ch<\/a>[\/vc_column_text][\/vc_column][\/vc_row][vc_row][vc_column width=\u00a0\u00bb1\/3&Prime;][vc_single_image image=\u00a0\u00bb4328&Prime; img_size=\u00a0\u00bblarge\u00a0\u00bb][vc_column_text]<strong>Corinna B\u00fctikofer Nkhoma<\/strong><br \/>\nConnexio develop<br \/>\nPoint Focal du Groupe d&rsquo;apprentissage Bonne Gouvernance et Partenariats<br \/>\n<a href=\"mailto:corinna.buetikofer@connexio.ch\" target=\"_blank\" rel=\"noopener\">corinna.buetikofer@connexio.ch<\/a>[\/vc_column_text][\/vc_column][vc_column width=\u00a0\u00bb1\/3&Prime;][vc_single_image image=\u00a0\u00bb2429&Prime; img_size=\u00a0\u00bblarge\u00a0\u00bb add_caption=\u00a0\u00bbyes\u00a0\u00bb][vc_column_text]<strong>Flavia Ganarin<\/strong><br \/>\nInternational Blue Cross (IBC)<br \/>\nPoint Focal du Groupe d&rsquo;apprentissage SDG 16+<br \/>\n<a href=\"mailto:f.ganarin@internationalbluecross.org\">f.ganarin@internationalbluecross.org<\/a>[\/vc_column_text][\/vc_column][\/vc_row][vc_row][vc_column][vc_column_text]<\/p>\n<hr \/>\n<p>[\/vc_column_text][\/vc_column][\/vc_row][vc_row][vc_column][vc_column_text]<\/p>\n<h2>Notre Comit\u00e9<\/h2>\n<p>[\/vc_column_text][\/vc_column][\/vc_row][vc_row][vc_column width=\u00a0\u00bb1\/3&Prime;][vc_single_image image=\u00a0\u00bb2873&Prime; img_size=\u00a0\u00bblarge\u00a0\u00bb add_caption=\u00a0\u00bbyes\u00a0\u00bb][vc_column_text]<strong>Sarah Makanjera<\/strong><br \/>\nPr\u00e9sidente<br \/>\nArm\u00e9e du Salut[\/vc_column_text][\/vc_column][vc_column width=\u00a0\u00bb1\/3&Prime;][vc_single_image image=\u00a0\u00bb2856&Prime; img_size=\u00a0\u00bblarge\u00a0\u00bb add_caption=\u00a0\u00bbyes\u00a0\u00bb][vc_column_text]<strong>Anne Babb<br \/>\n<\/strong>Vice Pr\u00e9sidente<br \/>\nIBC[\/vc_column_text][\/vc_column][vc_column width=\u00a0\u00bb1\/3&Prime;][vc_single_image image=\u00a0\u00bb2852&Prime; img_size=\u00a0\u00bblarge\u00a0\u00bb add_caption=\u00a0\u00bbyes\u00a0\u00bb][vc_column_text]<strong>Ulrich Bachmann<\/strong><br \/>\nConnexio develop[\/vc_column_text][\/vc_column][\/vc_row][vc_row][vc_column width=\u00a0\u00bb1\/3&Prime;][vc_single_image image=\u00a0\u00bb2868&Prime; img_size=\u00a0\u00bblarge\u00a0\u00bb add_caption=\u00a0\u00bbyes\u00a0\u00bb][vc_column_text]<strong>Thomas Stahl<\/strong><br \/>\nEna[\/vc_column_text][\/vc_column][vc_column width=\u00a0\u00bb1\/3&Prime;][vc_single_image image=\u00a0\u00bb4539&Prime; img_size=\u00a0\u00bblarge\u00a0\u00bb add_caption=\u00a0\u00bbyes\u00a0\u00bb][vc_column_text]<strong>Katharina Gfeller<\/strong><br \/>\nMission 21[\/vc_column_text][\/vc_column][\/vc_row]<\/p>\n","protected":false},"excerpt":{"rendered":"<p>[vc_row][vc_column][vc_column_text] Qui nous sommes [\/vc_column_text][\/vc_column][\/vc_row][vc_row][vc_column width=\u00a0\u00bb1\/2&Prime;][vc_column_text]La Communaut\u00e9 de Coop\u00e9ration (KoGe) a \u00e9t\u00e9 fond\u00e9e en 2012 en tant que r\u00e9seau d&rsquo;organisations suisses de sensibilit\u00e9 protestante. Dans le but d&rsquo;am\u00e9liorer l&rsquo;efficacit\u00e9 des programmes de ses membres, la Communaut\u00e9 de Coop\u00e9ration a construit une structure d&rsquo;apprentissage vivante qui nous met en r\u00e9seau et nous fournit une importante plateforme &hellip; <\/p>\n<p class=\"link-more\"><a href=\"https:\/\/koge.ch\/fr\/public\/sur-nous\/\" class=\"more-link\">Continuer la lecture<span class=\"screen-reader-text\"> de &laquo;&nbsp;Sur nous&nbsp;&raquo;<\/span><\/a><\/p>\n","protected":false},"author":83,"featured_media":0,"parent":2316,"menu_order":1,"comment_status":"closed","ping_status":"closed","template":"template-public.php","meta":{"_bbp_topic_count":0,"_bbp_reply_count":0,"_bbp_total_topic_count":0,"_bbp_total_reply_count":0,"_bbp_voice_count":0,"_bbp_anonymous_reply_count":0,"_bbp_topic_count_hidden":0,"_bbp_reply_count_hidden":0,"_bbp_forum_subforum_count":0},"_links":{"self":[{"href":"https:\/\/koge.ch\/fr\/wp-json\/wp\/v2\/pages\/2607"}],"collection":[{"href":"https:\/\/koge.ch\/fr\/wp-json\/wp\/v2\/pages"}],"about":[{"href":"https:\/\/koge.ch\/fr\/wp-json\/wp\/v2\/types\/page"}],"author":[{"embeddable":true,"href":"https:\/\/koge.ch\/fr\/wp-json\/wp\/v2\/users\/83"}],"replies":[{"embeddable":true,"href":"https:\/\/koge.ch\/fr\/wp-json\/wp\/v2\/comments?post=2607"}],"version-history":[{"count":52,"href":"https:\/\/koge.ch\/fr\/wp-json\/wp\/v2\/pages\/2607\/revisions"}],"predecessor-version":[{"id":4839,"href":"https:\/\/koge.ch\/fr\/wp-json\/wp\/v2\/pages\/2607\/revisions\/4839"}],"up":[{"embeddable":true,"href":"https:\/\/koge.ch\/fr\/wp-json\/wp\/v2\/pages\/2316"}],"wp:attachment":[{"href":"https:\/\/koge.ch\/fr\/wp-json\/wp\/v2\/media?parent=2607"}],"curies":[{"name":"wp","href":"https:\/\/api.w.org\/{rel}","templated":true}]}}