{"id":2613,"date":"2021-02-04T10:32:54","date_gmt":"2021-02-04T09:32:54","guid":{"rendered":"https:\/\/koge.ch\/?page_id=2613"},"modified":"2025-07-22T09:00:42","modified_gmt":"2025-07-22T07:00:42","slug":"accueil","status":"publish","type":"page","link":"https:\/\/koge.ch\/fr\/public\/accueil\/","title":{"rendered":"Accueil"},"content":{"rendered":"<p>[vc_row][vc_column][vc_column_text el_class=\u00a0\u00bbstart-teaser\u00a0\u00bb]La Communaut\u00e9 de Coop\u00e9ration (KoGe) est l&rsquo;association fa\u00eeti\u00e8re de huit organisations membres de sensibilit\u00e9 protestante suisse. Nous partageons nos connaissances et nos comp\u00e9tences et nous apprenons les uns des autres avec un objectif commun : une vie dans la dignit\u00e9 pour toutes les personnes, sans distinction de sexe, d\u2019origine et de religion.[\/vc_column_text][\/vc_column][\/vc_row][vc_row][vc_column width=\u00a0\u00bb2\/3&Prime;][vc_column_text]<\/p>\n<h2>Notre Programme<\/h2>\n<p>Nous travaillons avec 130 organisations partenaires dans 37 pays du monde entier. Nous nous concentrons sur les zones fragiles et touch\u00e9es par des conflits o\u00f9 nous soutenons en particulier les personnes les plus marginalis\u00e9es. La paix, la justice et les soci\u00e9t\u00e9s inclusives sont au c\u0153ur de notre programme commun. Nous sommes guid\u00e9s par <a href=\"http:\/\/www.sdg16.plus\" target=\"_blank\" rel=\"noopener\">l&rsquo;approche ODD 16+<\/a> des \u00ab Pionniers pour des soci\u00e9t\u00e9s pacifiques, justes et inclusives \u00bb. Ce mouvement a \u00e9t\u00e9 cofond\u00e9 par la Suisse. L\u2019approche ODD 16+ est conforme \u00e0 l&rsquo;ADN de la Communaut\u00e9 de Coop\u00e9ration qui r\u00e9unit des organisations bas\u00e9es sur la foi et de d\u00e9fense des droits humains. Le concept des ODD 16+ montre que la plupart des 17 objectifs de d\u00e9veloppement durable (ODD) sont \u00e9troitement li\u00e9s \u00e0 l\u2019ODD 16 \u00ab Paix, justice et institutions efficaces \u00bb.<\/p>\n<p><a href=\"https:\/\/koge.ch\/wp-content\/uploads\/2025\/07\/KOGE-Phase-Report-2021-2024.pdf\" target=\"_blank\" rel=\"noopener\">Rapport de phase 2021-2024<\/a>[\/vc_column_text][\/vc_column][vc_column width=\u00a0\u00bb1\/3&Prime;][vc_single_image image=\u00a0\u00bb2190&Prime; img_size=\u00a0\u00bbmedium\u00a0\u00bb][\/vc_column][\/vc_row][vc_row css=\u00a0\u00bb.vc_custom_1611071478384{margin-top: 10px !important;}\u00a0\u00bb][vc_column width=\u00a0\u00bb2\/3&Prime;][vc_column_text]Notre programme 2025-2028 est soutenu par la Direction du d\u00e9veloppement et de la coop\u00e9ration (DDC) du D\u00e9partement f\u00e9d\u00e9ral des affaires \u00e9trang\u00e8res DFAE.[\/vc_column_text][vc_row_inner][vc_column_inner][vc_single_image image=\u00a0\u00bb2797&Prime; img_size=\u00a0\u00bb600&#215;89&Prime; el_class=\u00a0\u00bbdeza\u00a0\u00bb][\/vc_column_inner][\/vc_row_inner][\/vc_column][vc_column width=\u00a0\u00bb1\/3&Prime;][\/vc_column][\/vc_row][vc_row][vc_column][vc_column_text]<\/p>\n<hr \/>\n<p>[\/vc_column_text][\/vc_column][\/vc_row][vc_row css=\u00a0\u00bb.vc_custom_1611071478384{margin-top: 10px !important;}\u00a0\u00bb][vc_column][vc_column_text]<\/p>\n<h2>ACTUALIT\u00c9S<\/h2>\n<p>[\/vc_column_text][\/vc_column][\/vc_row]<\/p>\n","protected":false},"excerpt":{"rendered":"<p>[vc_row][vc_column][vc_column_text el_class=\u00a0\u00bbstart-teaser\u00a0\u00bb]La Communaut\u00e9 de Coop\u00e9ration (KoGe) est l&rsquo;association fa\u00eeti\u00e8re de huit organisations membres de sensibilit\u00e9 protestante suisse. Nous partageons nos connaissances et nos comp\u00e9tences et nous apprenons les uns des autres avec un objectif commun : une vie dans la dignit\u00e9 pour toutes les personnes, sans distinction de sexe, d\u2019origine et de religion.[\/vc_column_text][\/vc_column][\/vc_row][vc_row][vc_column width=\u00a0\u00bb2\/3&Prime;][vc_column_text] Notre &hellip; <\/p>\n<p class=\"link-more\"><a href=\"https:\/\/koge.ch\/fr\/public\/accueil\/\" class=\"more-link\">Continuer la lecture<span class=\"screen-reader-text\"> de &laquo;&nbsp;Accueil&nbsp;&raquo;<\/span><\/a><\/p>\n","protected":false},"author":2,"featured_media":0,"parent":2316,"menu_order":0,"comment_status":"closed","ping_status":"closed","template":"template-start.php","meta":{"_bbp_topic_count":0,"_bbp_reply_count":0,"_bbp_total_topic_count":0,"_bbp_total_reply_count":0,"_bbp_voice_count":0,"_bbp_anonymous_reply_count":0,"_bbp_topic_count_hidden":0,"_bbp_reply_count_hidden":0,"_bbp_forum_subforum_count":0},"_links":{"self":[{"href":"https:\/\/koge.ch\/fr\/wp-json\/wp\/v2\/pages\/2613"}],"collection":[{"href":"https:\/\/koge.ch\/fr\/wp-json\/wp\/v2\/pages"}],"about":[{"href":"https:\/\/koge.ch\/fr\/wp-json\/wp\/v2\/types\/page"}],"author":[{"embeddable":true,"href":"https:\/\/koge.ch\/fr\/wp-json\/wp\/v2\/users\/2"}],"replies":[{"embeddable":true,"href":"https:\/\/koge.ch\/fr\/wp-json\/wp\/v2\/comments?post=2613"}],"version-history":[{"count":15,"href":"https:\/\/koge.ch\/fr\/wp-json\/wp\/v2\/pages\/2613\/revisions"}],"predecessor-version":[{"id":4946,"href":"https:\/\/koge.ch\/fr\/wp-json\/wp\/v2\/pages\/2613\/revisions\/4946"}],"up":[{"embeddable":true,"href":"https:\/\/koge.ch\/fr\/wp-json\/wp\/v2\/pages\/2316"}],"wp:attachment":[{"href":"https:\/\/koge.ch\/fr\/wp-json\/wp\/v2\/media?parent=2613"}],"curies":[{"name":"wp","href":"https:\/\/api.w.org\/{rel}","templated":true}]}}