{"id":2617,"date":"2021-02-04T10:34:58","date_gmt":"2021-02-04T09:34:58","guid":{"rendered":"https:\/\/koge.ch\/?page_id=2617"},"modified":"2025-11-27T10:29:06","modified_gmt":"2025-11-27T09:29:06","slug":"structure-dapprentissage","status":"publish","type":"page","link":"https:\/\/koge.ch\/fr\/public\/structure-dapprentissage\/","title":{"rendered":"Structure d&rsquo;apprentissage"},"content":{"rendered":"<p>[vc_row][vc_column el_class=\u00a0\u00bbstart-teaser\u00a0\u00bb][vc_column_text]<\/p>\n<div class=\"page\" title=\"Page 4\">\n<div class=\"section\">\n<div class=\"layoutArea\">\n<div class=\"column\">\n<p>Notre structure d&rsquo;apprentissage offre une plateforme d&rsquo;apprentissage et d&rsquo;\u00e9change \u00e0 nos organisations membres et leurs partenaires locaux. L\u2019apprentissage mutuel, la promotion de synergies et la mise en commun de ressources renforcent nos comp\u00e9tences et donc l&rsquo;impact de notre travail.<\/p>\n<\/div>\n<\/div>\n<\/div>\n<\/div>\n<p>[\/vc_column_text][\/vc_column][\/vc_row][vc_row css=\u00a0\u00bb.vc_custom_1611846195675{margin-top: -50px !important;}\u00a0\u00bb][vc_column][vc_column_text]<\/p>\n<h2>Nos groupes d&rsquo;apprentissage<\/h2>\n<p>[\/vc_column_text][\/vc_column][\/vc_row][vc_row][vc_column width=\u00a0\u00bb1\/2&Prime;][vc_column_text]Nos deux groupes d\u2019apprentissage \u00ab\u00a0SDG 16+\u00a0\u00bb et \u00ab\u00a0Bonne gouvernance et partenariats\u00a0\u00bb r\u00e9unissent les responsables de programmes de nos membres. Un \u00e9change r\u00e9gulier est compl\u00e9t\u00e9 par le d\u00e9veloppement d\u2019<a href=\"https:\/\/koge.ch\/fr\/public\/publikationen\/\" target=\"_blank\" rel=\"noopener\">outils et produits de connaissance<\/a> test\u00e9s dans le cadre de projets pilotes et mis \u00e0 la disposition des membres. Des formations et conf\u00e9rences th\u00e9matiques pour les membres et leurs partenaires locaux compl\u00e8tent cette offre.<br \/>\n<span style=\"font-size: 1rem;\">La communaut\u00e9 d&rsquo;apprentissage est le laboratoire d&rsquo;innovation de la KoGe et de ses membres.<\/span>[\/vc_column_text][\/vc_column][vc_column width=\u00a0\u00bb1\/2&Prime;][vc_column_text]Nous testons de nouvelles approches, des m\u00e9thodes innovantes et des formes cr\u00e9atives de collaboration. Pour ce faire, nous concevons soigneusement nos moments d&rsquo;apprentissage en utilisant des m\u00e9thodes de mod\u00e9ration participatives et centr\u00e9es sur la personne, telles que <a href=\"https:\/\/www.liberatingstructures.fr\/\" target=\"_blank\" rel=\"noopener\">Liberating Structures<\/a> ou encore, <a href=\"https:\/\/www.artofhosting.org\/fr\/\" target=\"_blank\" rel=\"noopener\">Art of Hosting<\/a>.<\/p>\n<p>Point focal SDG 16+ :\u00a0<a href=\"mailto:f.ganarin@internationalbluecross.org\" target=\"_blank\" rel=\"noopener\">Flavia Ganarin<\/a><br \/>\nPoint focal GG et partenariats :\u00a0<a href=\"mailto:corinna.buetikofer@connexio.ch\" target=\"_blank\" rel=\"noopener\">Corinna B\u00fctikofer Nkhoma<\/a>[\/vc_column_text][\/vc_column][\/vc_row][vc_row][vc_column][vc_column_text]<\/p>\n<hr \/>\n<p>[\/vc_column_text][\/vc_column][\/vc_row][vc_row][vc_column][vc_column_text]<\/p>\n<h2 class=\"p1\"><span class=\"s1\">Suivi, Evaluation et Apprentissage (SEA)<\/span><\/h2>\n<p>[\/vc_column_text][\/vc_column][vc_column width=\u00a0\u00bb1\/2&Prime;][vc_column_text]Gr\u00e2ce \u00e0 un processus participatif, la Communaut\u00e9 de Coop\u00e9ration a d\u00e9velopp\u00e9 un programme visant \u00e0 construire des soci\u00e9t\u00e9s pacifiques, justes et inclusives couvrant 37 pays et auquel toutes les huit organisations membres contribuent avec leurs programmes dans le monde entier. La mesure des effets est mise au service de l\u2019apprentissage.[\/vc_column_text][\/vc_column][vc_column width=\u00a0\u00bb1\/2&Prime;][vc_column_text]Un syst\u00e8me de suivi et de mesure des r\u00e9sultats, d\u00e9velopp\u00e9 de mani\u00e8re participative et partag\u00e9 par tous les membres et leurs partenaires locaux, permettra \u00e0 la Communaut\u00e9 de Coop\u00e9ration de d\u00e9montrer l\u2019impact de son programme. Dans ce travail, nous sommes soutenus par notre sp\u00e9cialiste SEA et notre commission commission de qualit\u00e9 externe (EQC).[\/vc_column_text][\/vc_column][\/vc_row][vc_row][vc_column][vc_column_text]<\/p>\n<hr \/>\n<p>[\/vc_column_text][vc_row_inner][vc_column_inner][vc_column_text]<\/p>\n<h2 class=\"p1\"><span class=\"s1\">Indicateurs cl\u00e9s de r\u00e9sultats<\/span><\/h2>\n<p>[\/vc_column_text][\/vc_column_inner][vc_column_inner width=\u00a0\u00bb1\/2&Prime;][vc_column_text]Les indicateurs cl\u00e9s de r\u00e9sultats (IC) sont un moyen simple et fiable de mesurer le progr\u00e8s accompli dans la r\u00e9alisation d\u2019objectifs fix\u00e9s. Ils standardisent la collecte et la communication des donn\u00e9es. Les donn\u00e9es des neuf membres et de leurs 130 organisations partenaires deviennent ainsi comparables. L&rsquo;analyse critique des r\u00e9sultats favorise l&rsquo;apprentissage partag\u00e9.[\/vc_column_text][\/vc_column_inner][vc_column_inner width=\u00a0\u00bb1\/2&Prime;][vc_column_text]Un processus d&rsquo;apprentissage participatif autour du d\u00e9veloppement de directives IC r\u00e9unit actuellement les responsables de programme de tous les membres. Nos directives sont, ici m\u00eame, mises \u00e0 la disposition d&rsquo;autres organisations sous la licence <a href=\"https:\/\/creativecommons.org\/licenses\/by-sa\/4.0\/?ref=chooser-v1\" target=\"_blank\" rel=\"noopener\">Creative Commons<\/a>. Pour plus d&rsquo;informations, veuillez contacter notre <a href=\"mailto:mirjam.moser@koge.ch\" target=\"_blank\" rel=\"noopener\">sp\u00e9cialiste SEA.<\/a>[\/vc_column_text][\/vc_column_inner][\/vc_row_inner][\/vc_column][\/vc_row][vc_row][vc_column][vc_column_text]<strong>SDG Target 16.1<\/strong><\/p>\n<p><strong>L&rsquo;indicateur cl\u00e9 1: Violence sexuelle et sexiste (VSBG)<\/strong><br \/>\nNombre de personnes ayant particip\u00e9 \u00e0 des activit\u00e9s de pr\u00e9vention sp\u00e9cifiquement sur les violences sexuelles et bas\u00e9es sur le genre (VSBG)<br \/>\n<a href=\"https:\/\/koge.ch\/wp-content\/uploads\/2021\/02\/KoGE-Guideline-KI-01_detail_v210111-3.pdf\" target=\"_blank\" rel=\"noopener\">EN <\/a><a href=\"https:\/\/koge.ch\/wp-content\/uploads\/2021\/02\/KoGE-Guideline-KI-01_detail_v210111-FR.pdf\" target=\"_blank\" rel=\"noopener\">FR <\/a><a href=\"https:\/\/koge.ch\/wp-content\/uploads\/2021\/07\/KoGe-Guideline-KI-01_detail_v210111-SP.pdf\" target=\"_blank\" rel=\"noopener\">SP<\/a><\/p>\n<p><strong>L&rsquo;indicateur cl\u00e9 2: Environnement pacifique<\/strong><br \/>\nNombre et proportion de personnes qui per\u00e7oivent leur environnement social et po-<br \/>\nlitique comme plus pacifique<br \/>\n<a href=\"https:\/\/koge.ch\/wp-content\/uploads\/2025\/11\/KoGe-KI-02_v311025-EN.pdf\" target=\"_blank\" rel=\"noopener\">EN<\/a> <a href=\"https:\/\/koge.ch\/wp-content\/uploads\/2025\/11\/KoGe-KI-02_v311025-FR.pdf\" target=\"_blank\" rel=\"noopener\">FR<\/a><\/p>\n<p class=\"p1\"><strong><span class=\"s1\">L&rsquo;indicateur cl\u00e9 <\/span>3: Formation de personnes en charge d&rsquo;enfants<\/strong><br \/>\nNombre de personnes en charge d\u2019enfants form\u00e9es a) aux m\u00e9thodes de pr\u00e9vention et de d\u00e9tection des abus sexuels sur les enfants et\/ou b) aux m\u00e9thodes non violentes d&rsquo;\u00e9ducation des filles et des gar\u00e7ons.<br \/>\n<a href=\"https:\/\/koge.ch\/wp-content\/uploads\/2021\/07\/KoGe-Guideline-KI-03_210722.pdf\" target=\"_blank\" rel=\"noopener\">EN <\/a><a href=\"https:\/\/koge.ch\/wp-content\/uploads\/2021\/07\/KoGe-Guideline-KI-03_210722_FR.pdf\" target=\"_blank\" rel=\"noopener\">FR <\/a><a href=\"https:\/\/koge.ch\/wp-content\/uploads\/2021\/11\/KoGe-Guideline-KI-03_210722-SP.pdf\" target=\"_blank\" rel=\"noopener\">SP<\/a><\/p>\n<p><strong><br \/>\nSDG Target 1.4<\/strong><\/p>\n<p><strong>L&rsquo;indicateur cl\u00e9 4: Connaissances et strat\u00e9gies durables<\/strong><br \/>\nNombre et proportion de personnes qui appliquent leurs connaissances et\/ou utilisent des strat\u00e9gies\/m\u00e9thodes durables<br \/>\n<a href=\"https:\/\/koge.ch\/wp-content\/uploads\/2025\/11\/KoGe-KI-04_v311025-EN.pdf\" target=\"_blank\" rel=\"noopener\">EN<\/a> <a href=\"https:\/\/koge.ch\/wp-content\/uploads\/2025\/11\/KoGe-KI-04_v311025-FR.pdf\" target=\"_blank\" rel=\"noopener\">FR<\/a><\/p>\n<p><strong>L&rsquo;indicateur cl\u00e9 5: Des soins de sant\u00e9 primaires de qualit\u00e9<br \/>\n<\/strong><strong>5a:<\/strong> Nombre de personnes touch\u00e9es par des mesures de pr\u00e9vention sant\u00e9<br \/>\n<a href=\"https:\/\/koge.ch\/wp-content\/uploads\/2021\/08\/KoGe-Guideline-KI-05a_210722.pdf\" target=\"_blank\" rel=\"noopener\">EN <\/a><a href=\"https:\/\/koge.ch\/wp-content\/uploads\/2021\/08\/KoGe-Guideline-KI-05a_210722_FR.pdf\" target=\"_blank\" rel=\"noopener\">FR <\/a><a href=\"https:\/\/koge.ch\/wp-content\/uploads\/2021\/11\/KoGe-Guideline-KI-05a_210722-SP.pdf\" target=\"_blank\" rel=\"noopener\">SP<\/a><\/p>\n<p><strong>5b<\/strong>: Nombre de consultations pour une maladie non transmissible (MNT) ou transmissible (MT)<br \/>\n<a href=\"https:\/\/koge.ch\/wp-content\/uploads\/2024\/01\/KoGe-Guideline-KI-05b_220124.pdf\" target=\"_blank\" rel=\"noopener\">EN<\/a> <a href=\"https:\/\/koge.ch\/wp-content\/uploads\/2024\/01\/KoGe-Guideline-KI-05b_220124_FR.pdf\" target=\"_blank\" rel=\"noopener\">FR<\/a> <a href=\"https:\/\/koge.ch\/wp-content\/uploads\/2024\/01\/KoGe-Guideline-KI-05b_220124-SP.pdf\" target=\"_blank\" rel=\"noopener\">SP<\/a><\/p>\n<p><strong>5c:<\/strong> Nombre d&rsquo;accouchements assist\u00e9s par du personnel de sant\u00e9 qualifi\u00e9<br \/>\n<a href=\"https:\/\/koge.ch\/wp-content\/uploads\/2021\/08\/KoGe-Guideline-KI-05c_210722.pdf\" target=\"_blank\" rel=\"noopener\">EN <\/a><a href=\"https:\/\/koge.ch\/wp-content\/uploads\/2021\/08\/KoGe-Guideline-KI-05c_210722_FR.pdf\" target=\"_blank\" rel=\"noopener\">FR <\/a><a href=\"https:\/\/koge.ch\/wp-content\/uploads\/2021\/11\/KoGe-Guideline-KI-05c_210722-SP.pdf\" target=\"_blank\" rel=\"noopener\">SP<\/a><\/p>\n<p><strong>L&rsquo;indicateur cl\u00e9 6a: Education de base<\/strong><br \/>\nNombre et proportion de personnes marginalis\u00e9es et vuln\u00e9rables (MaVu) qui ont acc\u00e8s \u00e0 une \u00e9ducation de base<br \/>\n<a href=\"https:\/\/koge.ch\/wp-content\/uploads\/2021\/02\/KoGe-Guideline-KI-06a_detail_v201112.pdf\" target=\"_blank\" rel=\"noopener\">EN <\/a><a href=\"https:\/\/koge.ch\/wp-content\/uploads\/2021\/07\/KoGe-Guideline-KI-06a_detail_v201112-FR.pdf\" target=\"_blank\" rel=\"noopener\">FR <\/a><a href=\"https:\/\/koge.ch\/wp-content\/uploads\/2021\/02\/KoGe-Guideline-KI-06a_detail_v201112-FR.pdf\" target=\"_blank\" rel=\"noopener\">\u00a0<\/a><a href=\"https:\/\/koge.ch\/wp-content\/uploads\/2021\/07\/KoGe-Guideline-KI-06a_detail_v201112-SP.pdf\" target=\"_blank\" rel=\"noopener\">SP<\/a><\/p>\n<p><strong>L&rsquo;indicateur cl\u00e9 6b: Formation professionnelle<\/strong><br \/>\nNombre et proportion de personnes marginalis\u00e9es et vuln\u00e9rables qui ont acc\u00e8s \u00e0 la formation professionnelle<br \/>\n<a href=\"https:\/\/koge.ch\/wp-content\/uploads\/2021\/02\/KoGe-Guideline-KI-06b_detail_v201112.pdf\" target=\"_blank\" rel=\"noopener\">EN <\/a><a href=\"https:\/\/koge.ch\/wp-content\/uploads\/2021\/07\/KoGe-Guideline-KI-06b_detail_v201112-FR.pdf\" target=\"_blank\" rel=\"noopener\">FR <\/a><a href=\"https:\/\/koge.ch\/wp-content\/uploads\/2021\/02\/KoGe-Guideline-KI-06b_detail_v201112-FR.pdf\" target=\"_blank\" rel=\"noopener\">\u00a0<\/a><a href=\"https:\/\/koge.ch\/wp-content\/uploads\/2021\/07\/KoGe-Guideline-KI-06b_detail_v201112-SP.pdf\" target=\"_blank\" rel=\"noopener\">SP<\/a><\/p>\n<p><strong><br \/>\nSDG Target <\/strong><strong>4.7<\/strong><\/p>\n<p><strong>L&rsquo;indicateur cl\u00e9 7: Formation sur les comp\u00e9tences de vie \/ Qualit\u00e9 de vie<\/strong><br \/>\nProportion d&rsquo;enfants \/ de jeunes ayant particip\u00e9 \u00e0 une formation sur les comp\u00e9tences de vie et qui per\u00e7oivent une am\u00e9lioration de leur qualit\u00e9 de vie.<br \/>\n<a href=\"https:\/\/koge.ch\/wp-content\/uploads\/2021\/02\/KoGE-Guideline-KI-07-08_detail_v201124.pdf\" target=\"_blank\" rel=\"noopener\">EN <\/a><a href=\"https:\/\/koge.ch\/wp-content\/uploads\/2021\/02\/KoGE-Guideline-KI-07-08_detail_v201124-FR.pdf\" target=\"_blank\" rel=\"noopener\">FR <\/a><a href=\"https:\/\/koge.ch\/wp-content\/uploads\/2021\/07\/KoGe-Guideline-KI-07-08_detail_v201124-SP.pdf\" target=\"_blank\" rel=\"noopener\">SP<\/a><\/p>\n<p><strong>L&rsquo;indicateur cle\u00e9 8: Formation sur les comp\u00e9tences de vie<\/strong><br \/>\nNombre d&rsquo;enfants \/de jeunes ayant particip\u00e9 \u00e0 une formation sur les comp\u00e9tences de vie<br \/>\n<a href=\"https:\/\/koge.ch\/wp-content\/uploads\/2021\/02\/KoGE-Guideline-KI-07-08_detail_v201124.pdf\" target=\"_blank\" rel=\"noopener\">EN <\/a><a href=\"https:\/\/koge.ch\/wp-content\/uploads\/2021\/02\/KoGE-Guideline-KI-07-08_detail_v201124-FR.pdf\" target=\"_blank\" rel=\"noopener\">FR <\/a><a href=\"https:\/\/koge.ch\/wp-content\/uploads\/2021\/07\/KoGe-Guideline-KI-07-08_detail_v201124-SP.pdf\" target=\"_blank\" rel=\"noopener\">SP<\/a><\/p>\n<p><strong>L&rsquo;indicateur cl\u00e9 9: Initiatives de d\u00e9veloppement durable<\/strong><br \/>\nNombre et type d\u2019initiatives de d\u00e9veloppement durable lanc\u00e9es par des groupes de citoyens<br \/>\n<a href=\"https:\/\/koge.ch\/wp-content\/uploads\/2021\/03\/KoGE-Guideline-KI-09_v210331.pdf\" target=\"_blank\" rel=\"noopener\">EN <\/a><a href=\"https:\/\/koge.ch\/wp-content\/uploads\/2021\/07\/KoGe-Guideline-KI-09_v210420-FR.pdf\" target=\"_blank\" rel=\"noopener\">FR <\/a><a href=\"https:\/\/koge.ch\/wp-content\/uploads\/2021\/11\/KoGE-Guideline-KI-09_v210331-SP.pdf\" target=\"_blank\" rel=\"noopener\">SP<\/a><\/p>\n<p><strong><br \/>\nSDG Target 10.2, 16.7<\/strong><\/p>\n<p><strong>L&rsquo;indicateur cl\u00e9 10: Revenu des groupes marginalis\u00e9s et vuln\u00e9rables<\/strong><br \/>\nNombre et proportion de personnes issues de groupes marginalis\u00e9s et vuln\u00e9rables qui<br \/>\nsignalent un changement du niveau de revenus per\u00e7u par elles-m\u00eames<br \/>\n<a href=\"https:\/\/koge.ch\/wp-content\/uploads\/2025\/11\/KoGe-KI-10_v311025-EN.pdf\" target=\"_blank\" rel=\"noopener\">EN<\/a> <a href=\"https:\/\/koge.ch\/wp-content\/uploads\/2025\/11\/KoGe-KI-10_v311025-FR.pdf\" target=\"_blank\" rel=\"noopener\">FR<\/a><\/p>\n<p><strong>L&rsquo;indicateur cl\u00e9 11: Participation des groupes marginalis\u00e9s et vuln\u00e9rables <\/strong>Nombre et proportion de personnes issues de groupes marginalis\u00e9s et vuln\u00e9rables qui signalent une participation accrue aux processus sociaux et \/ ou politiques<br \/>\n<a href=\"https:\/\/koge.ch\/wp-content\/uploads\/2025\/11\/KoGe-KI-11_v311025-EN.pdf\" target=\"_blank\" rel=\"noopener\">EN<\/a> <a href=\"https:\/\/koge.ch\/wp-content\/uploads\/2025\/11\/KoGe-KI-11_v311025-FR.pdf\" target=\"_blank\" rel=\"noopener\">FR<\/a><\/p>\n<p><strong>L&rsquo;indicateur cl\u00e9 12: Droits des groupes marginalis\u00e9s et vuln\u00e9rables<br \/>\n<\/strong>Nombre de personnes inform\u00e9es et \/ ou form\u00e9es aux droits des groupes de population marginalis\u00e9s et vuln\u00e9rables<br \/>\n<a href=\"https:\/\/koge.ch\/wp-content\/uploads\/2021\/08\/KoGe-Guideline-KI-12_detail_v210809.pdf\" target=\"_blank\" rel=\"noopener\">EN<\/a><a href=\"https:\/\/koge.ch\/wp-content\/uploads\/2021\/08\/KoGe-Guideline-KI-12_detail_v210809-FR.pdf\" target=\"_blank\" rel=\"noopener\"> FR <\/a><a href=\"https:\/\/koge.ch\/wp-content\/uploads\/2021\/08\/KoGe-Guideline-KI-12_detail_v210809-SP.pdf\" target=\"_blank\" rel=\"noopener\">SP<\/a>[\/vc_column_text][\/vc_column][\/vc_row]<\/p>\n","protected":false},"excerpt":{"rendered":"<p>[vc_row][vc_column el_class=\u00a0\u00bbstart-teaser\u00a0\u00bb][vc_column_text] Notre structure d&rsquo;apprentissage offre une plateforme d&rsquo;apprentissage et d&rsquo;\u00e9change \u00e0 nos organisations membres et leurs partenaires locaux. L\u2019apprentissage mutuel, la promotion de synergies et la mise en commun de ressources renforcent nos comp\u00e9tences et donc l&rsquo;impact de notre travail. [\/vc_column_text][\/vc_column][\/vc_row][vc_row css=\u00a0\u00bb.vc_custom_1611846195675{margin-top: -50px !important;}\u00a0\u00bb][vc_column][vc_column_text] Nos groupes d&rsquo;apprentissage [\/vc_column_text][\/vc_column][\/vc_row][vc_row][vc_column width=\u00a0\u00bb1\/2&Prime;][vc_column_text]Nos deux groupes d\u2019apprentissage \u00ab\u00a0SDG 16+\u00a0\u00bb &hellip; <\/p>\n<p class=\"link-more\"><a href=\"https:\/\/koge.ch\/fr\/public\/structure-dapprentissage\/\" class=\"more-link\">Continuer la lecture<span class=\"screen-reader-text\"> de &laquo;&nbsp;Structure d&rsquo;apprentissage&nbsp;&raquo;<\/span><\/a><\/p>\n","protected":false},"author":2,"featured_media":0,"parent":2316,"menu_order":2,"comment_status":"closed","ping_status":"closed","template":"template-public.php","meta":{"_bbp_topic_count":0,"_bbp_reply_count":0,"_bbp_total_topic_count":0,"_bbp_total_reply_count":0,"_bbp_voice_count":0,"_bbp_anonymous_reply_count":0,"_bbp_topic_count_hidden":0,"_bbp_reply_count_hidden":0,"_bbp_forum_subforum_count":0},"_links":{"self":[{"href":"https:\/\/koge.ch\/fr\/wp-json\/wp\/v2\/pages\/2617"}],"collection":[{"href":"https:\/\/koge.ch\/fr\/wp-json\/wp\/v2\/pages"}],"about":[{"href":"https:\/\/koge.ch\/fr\/wp-json\/wp\/v2\/types\/page"}],"author":[{"embeddable":true,"href":"https:\/\/koge.ch\/fr\/wp-json\/wp\/v2\/users\/2"}],"replies":[{"embeddable":true,"href":"https:\/\/koge.ch\/fr\/wp-json\/wp\/v2\/comments?post=2617"}],"version-history":[{"count":34,"href":"https:\/\/koge.ch\/fr\/wp-json\/wp\/v2\/pages\/2617\/revisions"}],"predecessor-version":[{"id":5039,"href":"https:\/\/koge.ch\/fr\/wp-json\/wp\/v2\/pages\/2617\/revisions\/5039"}],"up":[{"embeddable":true,"href":"https:\/\/koge.ch\/fr\/wp-json\/wp\/v2\/pages\/2316"}],"wp:attachment":[{"href":"https:\/\/koge.ch\/fr\/wp-json\/wp\/v2\/media?parent=2617"}],"curies":[{"name":"wp","href":"https:\/\/api.w.org\/{rel}","templated":true}]}}