{"id":2620,"date":"2021-02-04T10:35:23","date_gmt":"2021-02-04T09:35:23","guid":{"rendered":"https:\/\/koge.ch\/?page_id=2620"},"modified":"2026-02-23T12:02:58","modified_gmt":"2026-02-23T11:02:58","slug":"publications","status":"publish","type":"page","link":"https:\/\/koge.ch\/fr\/public\/publications\/","title":{"rendered":"Publications"},"content":{"rendered":"<p>[vc_row][vc_column][vc_column_text]<\/p>\n<h2>Checklists et guides des groupes d&rsquo;apprentissage<\/h2>\n<p>[\/vc_column_text][\/vc_column][\/vc_row][vc_row css=\u00a0\u00bb.vc_custom_1611058601799{margin-bottom: 30px !important;}\u00a0\u00bb][vc_column width=\u00a0\u00bb3\/4&Prime; el_id=\u00a0\u00bbchecklist\u00a0\u00bb][vc_column_text]<strong>Learning Paper on LNOB: Expand your understanding of power and intersectionality<\/strong><br \/>\nCe document d&rsquo;apprentissage en langue anglaise est le r\u00e9sultat du voyage d\u2019apprentissage de la KoGe sur le th\u00e8me \u00ab Ne laisser personne pour compte \u00bb (LNOB). Le changement commence par l\u2019analyse et la remise en question de nos propres dynamiques de pouvoir. Cette autocritique est le d\u00e9but sur le chemin de l&rsquo;\u00e9galit\u00e9 et de l&rsquo;inclusion.<br \/>\n<a href=\"https:\/\/koge.ch\/wp-content\/uploads\/2023\/05\/KoGe-LNOB-Learning-Paper-on-Power-and-Intersectionality.pdf\" target=\"_blank\" rel=\"noopener\">KoGe Learning Paper on LNOB (PDF)<\/a><\/p>\n<p><strong>Checklist S\u00e9curit\u00e9<br \/>\n<\/strong>Le travail pour la paix, la justice et les soci\u00e9t\u00e9s inclusives dans les contextes fragiles fait de la s\u00e9curit\u00e9 une question importante pour la KoGe. Notre groupe d\u2019apprentissage sur la bonne gouvernance a \u00e9labor\u00e9 une liste de contr\u00f4le sur les normes de s\u00e9curit\u00e9 minimales recommand\u00e9es.<br \/>\n<a href=\"https:\/\/koge.ch\/wp-content\/uploads\/2021\/01\/KoGe-Security-Checklist_v280120.pdf\" target=\"_blank\" rel=\"noopener\">Security Checklist (PDF)<\/a><\/p>\n<p><strong>Checklist PEAHS<br \/>\n<\/strong>Cette checklist sert \u00e0 l\u2019auto-\u00e9valuation organisationnelle dans le domaine de la Pr\u00e9vention de l&rsquo;Exploitation, des Abus et du Harc\u00e8lement Sexuels (PEAHS). O\u00f9 en sommes-nous et disposons-nous de m\u00e9canismes de pr\u00e9vention qui fonctionnent ?<br \/>\n<a href=\"https:\/\/koge.ch\/wp-content\/uploads\/2021\/02\/KoGe-PSEAH-Checklist_francais.pdf\" target=\"_blank\" rel=\"noopener\">Checklist PEAHS (PDF)<\/a><\/p>\n<p><strong>Manuel de formation sur la pr\u00e9vention de l&rsquo;exploitation, des abus et du harc\u00e8lement sexuels (PEAHS)<\/strong><br \/>\nCe manuel de formation en langue anglaise est un guide pratique pour la conduite d&rsquo;un atelier PEAHS de trois jours. Il contient de nombreux exercices et jeux de r\u00f4le.<br \/>\n<a href=\"https:\/\/koge.ch\/wp-content\/uploads\/2021\/02\/PSEAH-Training-Guide_final.pdf\" target=\"_blank\" rel=\"noopener\">PSEAH Training Guide (PDF)<\/a><\/p>\n<p><strong>M\u00e9canismes de plaintes pour les organisations non-gouvernementales. Guide des professionels<br \/>\n<\/strong>Ce guide s&rsquo;adresse en particulier aux ONG de petite ou moyenne taille et leurs partenaires locaux souhaitant mettre en place un m\u00e9canisme de plaintes.\u00a0 Les bonnes pratiques ont \u00e9t\u00e9 recueillies \u00e0 travers une recherche documentaire ainsi que de nombreux entretiens.<br \/>\n<a href=\"https:\/\/koge.ch\/wp-content\/uploads\/2021\/02\/Complaint-Mechanisms-FR.pdf\" target=\"_blank\" rel=\"noopener\">Guide sur les m\u00e9canismes de plaintes (PDF)<\/a><\/p>\n<p><strong>Guide pour une r\u00e9flexion pratique sur le r\u00f4le des facteurs religieux et culturels dans les projets de coop\u00e9ration au d\u00e9veloppement<br \/>\n<\/strong>Ce guide constitue un manuel pratique destin\u00e9 aux charg\u00e9-e-s de programmes. Sur la base de questions s\u00e9lectionn\u00e9es, il souhaite d\u00e9clencher un processus de r\u00e9flexion et d&rsquo;apprentissage dans le but d\u2019une meilleure prise en compte des facteurs religieux et culturels dans les projets et programmes de coop\u00e9ration.<br \/>\n<a href=\"https:\/\/koge.ch\/wp-content\/uploads\/2021\/02\/guide-religion-culture-et-developpement_ohne-Logo.pdf\" target=\"_blank\" rel=\"noopener\">Guide sur l&rsquo;int\u00e9gration de facteurs religieux et culturels (PDF)<\/a>[\/vc_column_text][\/vc_column][vc_column width=\u00a0\u00bb1\/4&Prime;][\/vc_column][\/vc_row][vc_row][vc_column][vc_column_text]<\/p>\n<hr \/>\n<p>[\/vc_column_text][\/vc_column][\/vc_row][vc_row][vc_column][vc_column_text]<\/p>\n<h2>Notes d&rsquo;Apprentissage<\/h2>\n<p><strong>Learning Brief # 1: Ne laisser personne de c\u00f4t\u00e9<\/strong><br \/>\n<a href=\"https:\/\/koge.ch\/wp-content\/uploads\/2025\/05\/KoGe-Learning-Brief-1_LNOB_2023.pdf\" target=\"_blank\" rel=\"noopener\">KoGe Learning Brief on LNOB (PDF)<\/a><\/p>\n<p><strong>Learning Brief # 2: Gestion de programme sensible aux conflits<br \/>\n<\/strong><a href=\"https:\/\/koge.ch\/wp-content\/uploads\/2025\/05\/KoGe-Learning-Brief-2_CSPM_French.pdf\" target=\"_blank\" rel=\"noopener\">Note d&rsquo;apprentissage GPSC (PDF)<\/a><strong><br \/>\n<\/strong><\/p>\n<p><strong>Learning Brief # 3: Engagement des hommes pour l&rsquo;\u00e9galit\u00e9 des genres<\/strong><br \/>\n<a href=\"https:\/\/koge.ch\/wp-content\/uploads\/2025\/05\/KoGe-Learning-Brief-3_Engagement-des-Hommes_French.pdf\" target=\"_blank\" rel=\"noopener\">Note d&rsquo;apprentissage sur l&rsquo;engagement des hommes (PDF)<\/a>[\/vc_column_text][\/vc_column][\/vc_row][vc_row][vc_column][vc_column_text]<\/p>\n<hr \/>\n<p>[\/vc_column_text][\/vc_column][\/vc_row][vc_row][vc_column][vc_column_text]<\/p>\n<h2>Documents de base<\/h2>\n<p><strong>Lignes directrices de la Communaut\u00e9 de Coop\u00e9ration<\/strong><br \/>\n<a href=\"https:\/\/koge.ch\/wp-content\/uploads\/2021\/02\/Lignes-directrices.pdf\" target=\"_blank\" rel=\"noopener\">Lignes directrices (PDF)<\/a><\/p>\n<p><strong>Statuts de la Communaut\u00e9 de Coop\u00e9ration<\/strong><br \/>\n<a href=\"https:\/\/koge.ch\/wp-content\/uploads\/2021\/10\/Statuten-2021_francais.pdf\">Statuts (PDF)<\/a><\/p>\n<p><strong>Manifeste pour une communication responsable<br \/>\n<\/strong><a href=\"https:\/\/koge.ch\/wp-content\/uploads\/2024\/01\/240115_Manifest-IZA-Kommunikation_frz.pdf\" target=\"_blank\" rel=\"noopener\">Manifeste pour une communication responsable de la coop\u00e9ration internationale (PDF)<\/a>\u00a0<strong><br \/>\n<\/strong><\/p>\n<p><strong>Manifeste pour une action dirig\u00e9e localement<br \/>\n<\/strong><a href=\"https:\/\/koge.ch\/wp-content\/uploads\/2026\/02\/202602_Manifest_LLA_FR_5P.pdf\" target=\"_blank\" rel=\"noopener\">Appropriation locale. Soutien global. Manifeste pour une action dirig\u00e9e localement (PDF)<\/a>[\/vc_column_text][\/vc_column][\/vc_row][vc_row][vc_column][vc_column_text]<\/p>\n<hr \/>\n<p>[\/vc_column_text][\/vc_column][\/vc_row][vc_row][vc_column][vc_column_text]<\/p>\n<h2>Rapports annuels<\/h2>\n<p><strong>Rapport annuel 2024<br \/>\n<\/strong><strong style=\"font-size: 1rem;\"><a href=\"https:\/\/koge.ch\/wp-content\/uploads\/2025\/09\/KoGe-Annual-Report-2024_Web.pdf\" target=\"_blank\" rel=\"noopener\"><img loading=\"lazy\" class=\"alignnone size-medium wp-image-4953\" src=\"https:\/\/koge.ch\/wp-content\/uploads\/2025\/09\/JB-2024-212x300.jpg\" alt=\"\" width=\"212\" height=\"300\" srcset=\"https:\/\/koge.ch\/wp-content\/uploads\/2025\/09\/JB-2024-212x300.jpg 212w, https:\/\/koge.ch\/wp-content\/uploads\/2025\/09\/JB-2024-724x1024.jpg 724w, https:\/\/koge.ch\/wp-content\/uploads\/2025\/09\/JB-2024-768x1086.jpg 768w, https:\/\/koge.ch\/wp-content\/uploads\/2025\/09\/JB-2024.jpg 1058w\" sizes=\"(max-width: 212px) 100vw, 212px\" \/><\/a><\/strong><\/p>\n<p><strong>Rapport de l&rsquo;organe de r\u00e9vision 2024<br \/>\n<\/strong><a href=\"https:\/\/koge.ch\/wp-content\/uploads\/2025\/06\/2024-RB-ER-SGF-21__signiert-Kooperationsgemeinschaft-KoGe.pdf\" target=\"_blank\" rel=\"noopener\">Rapport de l&rsquo;organe de r\u00e9vision avec comptes annuels 2024 (PDF)<\/a><strong><br \/>\n<\/strong><\/p>\n<p><strong>Rapport annuel 2023<br \/>\n<\/strong><a href=\"https:\/\/koge.ch\/wp-content\/uploads\/2023\/09\/KoGe-Annual-Report-2023_Web-1.pdf\"><img loading=\"lazy\" class=\"alignnone wp-image-4723\" src=\"https:\/\/koge.ch\/wp-content\/uploads\/2024\/09\/01_Cover-Page-212x300.jpg\" alt=\"\" width=\"200\" height=\"283\" srcset=\"https:\/\/koge.ch\/wp-content\/uploads\/2024\/09\/01_Cover-Page-212x300.jpg 212w, https:\/\/koge.ch\/wp-content\/uploads\/2024\/09\/01_Cover-Page-724x1024.jpg 724w, https:\/\/koge.ch\/wp-content\/uploads\/2024\/09\/01_Cover-Page-768x1086.jpg 768w, https:\/\/koge.ch\/wp-content\/uploads\/2024\/09\/01_Cover-Page-1086x1536.jpg 1086w, https:\/\/koge.ch\/wp-content\/uploads\/2024\/09\/01_Cover-Page.jpg 1190w\" sizes=\"(max-width: 200px) 100vw, 200px\" \/><\/a><\/p>\n<p><strong>Rapport de l&rsquo;organe de r\u00e9vision 2023<br \/>\n<\/strong><a href=\"https:\/\/koge.ch\/wp-content\/uploads\/2024\/08\/2023-RB-ER-SGF-21__signiert-Kooperationsgemeinschaft-KoGe.pdf\" target=\"_blank\" rel=\"noopener\">Rapport de l&rsquo;organe de r\u00e9vision avec comptes annuels 2023 (PDF)<\/a><strong><br \/>\n<\/strong><\/p>\n<p><strong>Rapport annuel 2022<br \/>\n<\/strong><a href=\"https:\/\/koge.ch\/wp-content\/uploads\/2022\/09\/KoGe-Annual-Report-2022_Web.pdf\" target=\"_blank\" rel=\"noopener\"><img src=\"https:\/\/koge.ch\/wp-content\/uploads\/2023\/09\/Cover-Page-pdf.jpg\" alt=\"\" width=\"200\" \/><\/a><\/p>\n<p><strong>Rapport de l&rsquo;organe de r\u00e9vision 2022<br \/>\n<\/strong><a href=\"https:\/\/koge.ch\/wp-content\/uploads\/2023\/07\/Testat-KoGe-inkl.-JR-2022_signiert.pdf\" target=\"_blank\" rel=\"noopener\">Rapport de l&rsquo;organe de r\u00e9vision avec comptes annuels 2022 (PDF)<\/a><\/p>\n<p><strong>Rapport annuel 2021<br \/>\n<\/strong><a href=\"https:\/\/koge.ch\/wp-content\/uploads\/2022\/09\/KoGe-Annual-Report-2021_Web.pdf\" target=\"_blank\" rel=\"noopener\"><img src=\"https:\/\/koge.ch\/wp-content\/uploads\/2023\/09\/KoGe-Annual-Report-2021_Cover.jpg\" alt=\"\" width=\"200\" \/><\/a><\/p>\n<p><strong>Rapport de l&rsquo;organe de r\u00e9vision 2021<br \/>\n<\/strong><a href=\"https:\/\/koge.ch\/wp-content\/uploads\/2022\/07\/Testat-KoGe-inkl.-Jahresrechnung_signed.pdf\" target=\"_blank\" rel=\"noopener\">Rapport de l&rsquo;organe de r\u00e9vision avec comptes annuels 2021 (PDF)<\/a>[\/vc_column_text][\/vc_column][\/vc_row]<\/p>\n","protected":false},"excerpt":{"rendered":"<p>[vc_row][vc_column][vc_column_text] Checklists et guides des groupes d&rsquo;apprentissage [\/vc_column_text][\/vc_column][\/vc_row][vc_row css=\u00a0\u00bb.vc_custom_1611058601799{margin-bottom: 30px !important;}\u00a0\u00bb][vc_column width=\u00a0\u00bb3\/4&Prime; el_id=\u00a0\u00bbchecklist\u00a0\u00bb][vc_column_text]Learning Paper on LNOB: Expand your understanding of power and intersectionality Ce document d&rsquo;apprentissage en langue anglaise est le r\u00e9sultat du voyage d\u2019apprentissage de la KoGe sur le th\u00e8me \u00ab Ne laisser personne pour compte \u00bb (LNOB). Le changement commence par l\u2019analyse et &hellip; <\/p>\n<p class=\"link-more\"><a href=\"https:\/\/koge.ch\/fr\/public\/publications\/\" class=\"more-link\">Continuer la lecture<span class=\"screen-reader-text\"> de &laquo;&nbsp;Publications&nbsp;&raquo;<\/span><\/a><\/p>\n","protected":false},"author":2,"featured_media":0,"parent":2316,"menu_order":3,"comment_status":"closed","ping_status":"closed","template":"template-public.php","meta":{"_bbp_topic_count":0,"_bbp_reply_count":0,"_bbp_total_topic_count":0,"_bbp_total_reply_count":0,"_bbp_voice_count":0,"_bbp_anonymous_reply_count":0,"_bbp_topic_count_hidden":0,"_bbp_reply_count_hidden":0,"_bbp_forum_subforum_count":0},"_links":{"self":[{"href":"https:\/\/koge.ch\/fr\/wp-json\/wp\/v2\/pages\/2620"}],"collection":[{"href":"https:\/\/koge.ch\/fr\/wp-json\/wp\/v2\/pages"}],"about":[{"href":"https:\/\/koge.ch\/fr\/wp-json\/wp\/v2\/types\/page"}],"author":[{"embeddable":true,"href":"https:\/\/koge.ch\/fr\/wp-json\/wp\/v2\/users\/2"}],"replies":[{"embeddable":true,"href":"https:\/\/koge.ch\/fr\/wp-json\/wp\/v2\/comments?post=2620"}],"version-history":[{"count":29,"href":"https:\/\/koge.ch\/fr\/wp-json\/wp\/v2\/pages\/2620\/revisions"}],"predecessor-version":[{"id":5130,"href":"https:\/\/koge.ch\/fr\/wp-json\/wp\/v2\/pages\/2620\/revisions\/5130"}],"up":[{"embeddable":true,"href":"https:\/\/koge.ch\/fr\/wp-json\/wp\/v2\/pages\/2316"}],"wp:attachment":[{"href":"https:\/\/koge.ch\/fr\/wp-json\/wp\/v2\/media?parent=2620"}],"curies":[{"name":"wp","href":"https:\/\/api.w.org\/{rel}","templated":true}]}}